{"id":568,"date":"2022-10-06T15:42:56","date_gmt":"2022-10-06T15:42:56","guid":{"rendered":"http:\/\/pruebamediateca.academia.iteso.mx\/?page_id=568"},"modified":"2023-05-03T19:05:58","modified_gmt":"2023-05-03T19:05:58","slug":"iteso","status":"publish","type":"page","link":"https:\/\/proyectos.iteso.mx\/mediateca\/iteso\/","title":{"rendered":"ITESO"},"content":{"rendered":"<p>[et_pb_section fb_built=\u00bb1&#8243; _builder_version=\u00bb4.2&#8243; background_color=\u00bb#004270&#8243; custom_padding=\u00bb20px||32px|||\u00bb][et_pb_row _builder_version=\u00bb4.2&#8243; width=\u00bb100%\u00bb width_tablet=\u00bb90%\u00bb width_phone=\u00bb\u00bb width_last_edited=\u00bbon|desktop\u00bb max_width=\u00bb95%\u00bb max_width_tablet=\u00bb\u00bb max_width_phone=\u00bb\u00bb max_width_last_edited=\u00bbon|phone\u00bb min_height=\u00bb34px\u00bb custom_padding=\u00bb1px||0px|||\u00bb][et_pb_column type=\u00bb4_4&#8243; _builder_version=\u00bb4.2&#8243;][et_pb_text _builder_version=\u00bb4.2&#8243; header_2_font=\u00bbMontserrat|700|||||||\u00bb header_2_text_color=\u00bb#ffffff\u00bb header_2_font_size=\u00bb27px\u00bb header_2_font_size_tablet=\u00bb25px\u00bb header_2_font_size_phone=\u00bb\u00bb header_2_font_size_last_edited=\u00bbon|phone\u00bb]<\/p>\n<h2><span style=\"color: #ffffff;\"><b>Herramientas institucionales<\/b><\/span><\/h2>\n<p>[\/et_pb_text][et_pb_divider color=\u00bb#ffffff\u00bb divider_weight=\u00bb15px\u00bb _builder_version=\u00bb4.2&#8243; custom_margin=\u00bb-30px||||false|false\u00bb custom_margin_tablet=\u00bb-30px||||false|false\u00bb custom_margin_phone=\u00bb\u00bb custom_margin_last_edited=\u00bbon|desktop\u00bb][\/et_pb_divider][\/et_pb_column][\/et_pb_row][\/et_pb_section][et_pb_section fb_built=\u00bb1&#8243; custom_padding_last_edited=\u00bbon|phone\u00bb _builder_version=\u00bb4.2&#8243; background_color=\u00bb#242424&#8243; min_height=\u00bb190px\u00bb custom_margin=\u00bb||||false|false\u00bb custom_margin_tablet=\u00bb\u00bb custom_margin_phone=\u00bb\u00bb custom_margin_last_edited=\u00bbon|desktop\u00bb custom_padding=\u00bb10px||||false|false\u00bb custom_padding_tablet=\u00bb30px||||false|false\u00bb custom_padding_phone=\u00bb\u00bb][et_pb_row _builder_version=\u00bb4.2&#8243; width=\u00bb100%\u00bb width_tablet=\u00bb90%\u00bb width_phone=\u00bb\u00bb width_last_edited=\u00bbon|phone\u00bb max_width=\u00bb80%\u00bb max_width_tablet=\u00bb90%\u00bb max_width_phone=\u00bb\u00bb max_width_last_edited=\u00bbon|desktop\u00bb custom_padding=\u00bb||||false|false\u00bb][et_pb_column type=\u00bb4_4&#8243; _builder_version=\u00bb4.2&#8243;][et_pb_text _builder_version=\u00bb4.2&#8243; text_font=\u00bbMontserrat||||||||\u00bb text_text_color=\u00bb#ffffff\u00bb text_font_size=\u00bb16px\u00bb custom_padding_tablet=\u00bb30px||||false|false\u00bb custom_padding_phone=\u00bb\u00bb custom_padding_last_edited=\u00bbon|phone\u00bb text_font_size_tablet=\u00bb15px\u00bb text_font_size_phone=\u00bb13px\u00bb text_font_size_last_edited=\u00bbon|phone\u00bb text_letter_spacing_last_edited=\u00bboff|desktop\u00bb text_line_height_tablet=\u00bb\u00bb text_line_height_phone=\u00bb1.6em\u00bb text_line_height_last_edited=\u00bbon|desktop\u00bb]<\/p>\n<p><strong>Herramientas con las que el ITESO tiene convenio para apoyar los procesos de aprendizaje.<\/strong><\/p>\n<p>[\/et_pb_text][et_pb_button button_url=\u00bb#\u00bb button_text=\u00bbCanvas\u00bb module_class=\u00bbbotoncillo\u00bb _builder_version=\u00bb4.2&#8243; custom_button=\u00bbon\u00bb button_text_size=\u00bb26px\u00bb button_text_color=\u00bb#FFFFFF\u00bb button_border_width=\u00bb0px\u00bb button_font=\u00bbMontserrat||||||||\u00bb button_icon=\u00bb%%34%%\u00bb button_on_hover=\u00bboff\u00bb background_layout=\u00bbdark\u00bb button_text_size_tablet=\u00bb\u00bb button_text_size_phone=\u00bb24px\u00bb button_text_size_last_edited=\u00bbon|phone\u00bb][\/et_pb_button][et_pb_divider color=\u00bb#FFFFFF\u00bb divider_weight=\u00bb4px\u00bb _builder_version=\u00bb4.2&#8243; custom_margin=\u00bb-25px||11px||false|false\u00bb][\/et_pb_divider][et_pb_code _builder_version=\u00bb4.2&#8243;]<script type=\"text\/javascript\"> <!-- [et_pb_line_break_holder] -->jQuery(document).ready(function() {<!-- [et_pb_line_break_holder] -->\/\/ ocultar el contenido<!-- [et_pb_line_break_holder] -->jQuery('#mostrar').hide();<!-- [et_pb_line_break_holder] -->jQuery('.botoncillo').click(function(e){<!-- [et_pb_line_break_holder] -->e.preventDefault();jQuery(\"#mostrar\").slideToggle();<!-- [et_pb_line_break_holder] -->jQuery('.botoncillo').toggleClass('opened closed');<!-- [et_pb_line_break_holder] -->});<!-- [et_pb_line_break_holder] -->});<!-- [et_pb_line_break_holder] --><\/script>[\/et_pb_code][\/et_pb_column][\/et_pb_row][\/et_pb_section][et_pb_section fb_built=\u00bb1&#8243; module_id=\u00bbmostrar\u00bb _builder_version=\u00bb4.2&#8243; background_color=\u00bb#242424&#8243; custom_margin=\u00bb-79px|||||\u00bb][et_pb_row column_structure=\u00bb1_4,1_4,1_4,1_4&#8243; use_custom_gutter=\u00bbon\u00bb gutter_width=\u00bb2&#8243; make_equal=\u00bbon\u00bb _builder_version=\u00bb4.2&#8243; width=\u00bb100%\u00bb max_width=\u00bb80%\u00bb max_width_tablet=\u00bb90%\u00bb max_width_phone=\u00bb\u00bb max_width_last_edited=\u00bbon|desktop\u00bb custom_margin=\u00bb||||false|false\u00bb custom_margin_tablet=\u00bb\u00bb custom_margin_phone=\u00bb\u00bb custom_margin_last_edited=\u00bbon|desktop\u00bb custom_padding=\u00bb||||false|false\u00bb][et_pb_column type=\u00bb1_4&#8243; _builder_version=\u00bb4.2&#8243;][et_pb_blurb title=\u00bbDise\u00f1o | Estructura del curso: m\u00f3dulos \u00bb url=\u00bb@ET-DC@eyJkeW5hbWljIjp0cnVlLCJjb250ZW50IjoicG9zdF9saW5rX3VybF9wcm9qZWN0Iiwic2V0dGluZ3MiOnsicG9zdF9pZCI6IjgxNSJ9fQ==@\u00bb image=\u00bbhttp:\/\/pruebamediateca.academia.iteso.mx\/wp-content\/uploads\/sites\/4\/2022\/11\/modulos.jpg\u00bb _builder_version=\u00bb4.2&#8243; _dynamic_attributes=\u00bburl\u00bb header_font=\u00bbMontserrat|700|||||||\u00bb header_text_color=\u00bb#1eb2e4&#8243; header_line_height=\u00bb1.1em\u00bb body_font=\u00bbMontserrat||||||||\u00bb body_text_color=\u00bb#FFFFFF\u00bb max_width_tablet=\u00bb\u00bb max_width_phone=\u00bb\u00bb max_width_last_edited=\u00bbon|phone\u00bb custom_padding_tablet=\u00bb\u00bb custom_padding_phone=\u00bb||||false|false\u00bb custom_padding_last_edited=\u00bbon|phone\u00bb body_font_size_tablet=\u00bb13px\u00bb body_font_size_phone=\u00bb12px\u00bb body_font_size_last_edited=\u00bbon|phone\u00bb body_line_height_tablet=\u00bb\u00bb body_line_height_phone=\u00bb1.5em\u00bb body_line_height_last_edited=\u00bbon|phone\u00bb module_alignment_tablet=\u00bb\u00bb module_alignment_phone=\u00bbcenter\u00bb module_alignment_last_edited=\u00bbon|phone\u00bb]<\/p>\n<p><span>Favorecer el flujo intuitivo temporal-tem\u00e1tico y de trabajo.<\/span><\/p>\n<p><span><\/span><\/p>\n<p>[\/et_pb_blurb][\/et_pb_column][et_pb_column type=\u00bb1_4&#8243; _builder_version=\u00bb4.2&#8243;][et_pb_blurb title=\u00bbTareas | Modos de entrega\u00bb url=\u00bb@ET-DC@eyJkeW5hbWljIjp0cnVlLCJjb250ZW50IjoicG9zdF9saW5rX3VybF9wcm9qZWN0Iiwic2V0dGluZ3MiOnsicG9zdF9pZCI6Ijk1MSJ9fQ==@\u00bb image=\u00bbhttps:\/\/proyectos.iteso.mx\/wp-content\/uploads\/sites\/4\/2022\/11\/tareas.jpg\u00bb _builder_version=\u00bb4.2&#8243; _dynamic_attributes=\u00bburl\u00bb header_font=\u00bbMontserrat|700|||||||\u00bb header_text_color=\u00bb#1eb2e4&#8243; header_line_height=\u00bb1.1em\u00bb body_font=\u00bbMontserrat||||||||\u00bb body_text_color=\u00bb#FFFFFF\u00bb max_width_tablet=\u00bb\u00bb max_width_phone=\u00bb\u00bb max_width_last_edited=\u00bbon|phone\u00bb custom_padding_tablet=\u00bb\u00bb custom_padding_phone=\u00bb||||false|false\u00bb custom_padding_last_edited=\u00bbon|phone\u00bb body_font_size_tablet=\u00bb13px\u00bb body_font_size_phone=\u00bb12px\u00bb body_font_size_last_edited=\u00bbon|phone\u00bb body_line_height_tablet=\u00bb\u00bb body_line_height_phone=\u00bb1.5em\u00bb body_line_height_last_edited=\u00bbon|phone\u00bb module_alignment_tablet=\u00bb\u00bb module_alignment_phone=\u00bbcenter\u00bb module_alignment_last_edited=\u00bbon|phone\u00bb]<\/p>\n<p><span>Grabaci\u00f3n de voz o video, URL, subir archivos desde OneDrive, etc. <\/span><\/p>\n<p><span><\/span><\/p>\n<p>[\/et_pb_blurb][\/et_pb_column][et_pb_column type=\u00bb1_4&#8243; _builder_version=\u00bb4.2&#8243;][et_pb_blurb title=\u00bbTareas | Retroalimentaci\u00f3n a r\u00fabricas\u00bb url=\u00bb@ET-DC@eyJkeW5hbWljIjp0cnVlLCJjb250ZW50IjoicG9zdF9saW5rX3VybF9wcm9qZWN0Iiwic2V0dGluZ3MiOnsicG9zdF9pZCI6IjExMjcifX0=@\u00bb image=\u00bbhttps:\/\/proyectos.iteso.mx\/wp-content\/uploads\/sites\/4\/2023\/02\/Rubrica.jpg\u00bb _builder_version=\u00bb4.2&#8243; _dynamic_attributes=\u00bburl\u00bb header_font=\u00bbMontserrat|700|||||||\u00bb header_text_color=\u00bb#1eb2e4&#8243; header_line_height=\u00bb1.1em\u00bb body_font=\u00bbMontserrat||||||||\u00bb body_text_color=\u00bb#FFFFFF\u00bb max_width_tablet=\u00bb\u00bb max_width_phone=\u00bb\u00bb max_width_last_edited=\u00bbon|phone\u00bb custom_padding_tablet=\u00bb\u00bb custom_padding_phone=\u00bb||||false|false\u00bb custom_padding_last_edited=\u00bbon|phone\u00bb hover_enabled=\u00bb0&#8243; body_font_size_tablet=\u00bb13px\u00bb body_font_size_phone=\u00bb12px\u00bb body_font_size_last_edited=\u00bbon|phone\u00bb body_line_height_tablet=\u00bb\u00bb body_line_height_phone=\u00bb1.5em\u00bb body_line_height_last_edited=\u00bbon|phone\u00bb module_alignment_tablet=\u00bb\u00bb module_alignment_phone=\u00bbcenter\u00bb module_alignment_last_edited=\u00bbon|phone\u00bb]<\/p>\n<p><span>Claridad en los criterios de evaluaci\u00f3n-retroalimentaci\u00f3n. <\/span><\/p>\n<p>[\/et_pb_blurb][\/et_pb_column][et_pb_column type=\u00bb1_4&#8243; _builder_version=\u00bb4.2&#8243;][et_pb_blurb title=\u00bbForos\u00bb url=\u00bb@ET-DC@eyJkeW5hbWljIjp0cnVlLCJjb250ZW50IjoicG9zdF9saW5rX3VybF9wcm9qZWN0Iiwic2V0dGluZ3MiOnsicG9zdF9pZCI6IjE0MDgifX0=@\u00bb image=\u00bbhttps:\/\/proyectos.iteso.mx\/wp-content\/uploads\/sites\/4\/2023\/05\/foro1.jpg\u00bb _builder_version=\u00bb4.2&#8243; _dynamic_attributes=\u00bburl\u00bb header_font=\u00bbMontserrat|700|||||||\u00bb header_text_color=\u00bb#1eb2e4&#8243; header_line_height=\u00bb1.1em\u00bb body_font=\u00bbMontserrat||||||||\u00bb body_text_color=\u00bb#FFFFFF\u00bb max_width_tablet=\u00bb\u00bb max_width_phone=\u00bb\u00bb max_width_last_edited=\u00bbon|phone\u00bb custom_padding_tablet=\u00bb\u00bb custom_padding_phone=\u00bb||||false|false\u00bb custom_padding_last_edited=\u00bbon|phone\u00bb hover_enabled=\u00bb0&#8243; body_font_size_tablet=\u00bb13px\u00bb body_font_size_phone=\u00bb12px\u00bb body_font_size_last_edited=\u00bbon|phone\u00bb body_line_height_tablet=\u00bb\u00bb body_line_height_phone=\u00bb1.5em\u00bb body_line_height_last_edited=\u00bbon|phone\u00bb module_alignment_tablet=\u00bb\u00bb module_alignment_phone=\u00bbcenter\u00bb module_alignment_last_edited=\u00bbon|phone\u00bb]<span>Herramienta de curaci\u00f3n visual y colaborativa. <\/span>[\/et_pb_blurb][\/et_pb_column][\/et_pb_row][\/et_pb_section]<\/p>\n","protected":false},"excerpt":{"rendered":"<p>Herramientas institucionalesHerramientas con las que el ITESO tiene convenio para apoyar los procesos de aprendizaje.Favorecer el flujo intuitivo temporal-tem\u00e1tico y de trabajo. Grabaci\u00f3n de voz o video, URL, subir archivos desde OneDrive, etc. Claridad en los criterios de evaluaci\u00f3n-retroalimentaci\u00f3n. Herramienta de curaci\u00f3n visual y colaborativa.<\/p>\n","protected":false},"author":9,"featured_media":0,"parent":0,"menu_order":0,"comment_status":"closed","ping_status":"closed","template":"","meta":{"_et_pb_use_builder":"on","_et_pb_old_content":"","_et_gb_content_width":"","footnotes":""},"class_list":["post-568","page","type-page","status-publish","hentry"],"jetpack-related-posts":[],"jetpack_sharing_enabled":true,"_links":{"self":[{"href":"https:\/\/proyectos.iteso.mx\/mediateca\/wp-json\/wp\/v2\/pages\/568","targetHints":{"allow":["GET"]}}],"collection":[{"href":"https:\/\/proyectos.iteso.mx\/mediateca\/wp-json\/wp\/v2\/pages"}],"about":[{"href":"https:\/\/proyectos.iteso.mx\/mediateca\/wp-json\/wp\/v2\/types\/page"}],"author":[{"embeddable":true,"href":"https:\/\/proyectos.iteso.mx\/mediateca\/wp-json\/wp\/v2\/users\/9"}],"replies":[{"embeddable":true,"href":"https:\/\/proyectos.iteso.mx\/mediateca\/wp-json\/wp\/v2\/comments?post=568"}],"version-history":[{"count":15,"href":"https:\/\/proyectos.iteso.mx\/mediateca\/wp-json\/wp\/v2\/pages\/568\/revisions"}],"predecessor-version":[{"id":1413,"href":"https:\/\/proyectos.iteso.mx\/mediateca\/wp-json\/wp\/v2\/pages\/568\/revisions\/1413"}],"wp:attachment":[{"href":"https:\/\/proyectos.iteso.mx\/mediateca\/wp-json\/wp\/v2\/media?parent=568"}],"curies":[{"name":"wp","href":"https:\/\/api.w.org\/{rel}","templated":true}]}}